{"id":3339,"date":"2019-12-20T22:31:21","date_gmt":"2019-12-28T16:30:37","guid":{"rendered":"https:\/\/roominfinite.com\/producto\/regalo\/"},"modified":"2024-03-15T01:07:23","modified_gmt":"2024-03-15T00:07:23","slug":"regalo","status":"publish","type":"product","link":"https:\/\/roominfinite.com\/ca\/producto\/regalo\/","title":{"rendered":"Producto Cup\u00f3n de regalo"},"content":{"rendered":"<h3>Descripci\u00f3 del joc<\/h3>\n<p><strong>Jugadors<\/strong>: De 2 a 6 jugadors<\/p>\n<p>&nbsp;<\/p>\n<p><strong>Edat<\/strong>: A partir de 16 anys o en compa\u00f1ia d&#8217;un adult.<\/p>\n<p>&nbsp;<\/p>\n<p><strong>Maximum duration<\/strong>: 60 minuts<\/p>\n<p>&nbsp;<\/p>\n<p><strong>Accessibility<\/strong>: El joc est\u00e0 adaptat a un m\u00e0xim d&#8217;una persona en silla de rodes<\/p>\n","protected":false},"excerpt":{"rendered":"<p><span style=\"color: #ffffff;\">Amb la compra d&#8217;un tiquet regal obtindr\u00e0s un codi bescanviable per una reserva completa per a un viatge a Missi\u00f3 Europa v\u00e0lid per als 6 mesos seg\u00fcents despr\u00e9s de la compra.<\/span><\/p>\n<p>&nbsp;<\/p>\n<p><span style=\"color: #ffffff;\">A m\u00e9s obtindr\u00e0s una versi\u00f3 per imprimir amb un missatge dels comandants de Missi\u00f3 Europa.<\/span><\/p>\n","protected":false},"featured_media":4981,"template":"","meta":{"om_disable_all_campaigns":false,"_monsterinsights_skip_tracking":false,"_monsterinsights_sitenote_active":false,"_monsterinsights_sitenote_note":"","_monsterinsights_sitenote_category":0,"_uf_show_specific_survey":0,"_uf_disable_surveys":false,"_genesis_hide_title":false,"_genesis_hide_breadcrumbs":false,"_genesis_hide_singular_image":false,"_genesis_hide_footer_widgets":false,"_genesis_custom_body_class":"","_genesis_custom_post_class":"","_genesis_layout":""},"product_cat":[51],"product_tag":[],"class_list":{"0":"post-3339","1":"product","2":"type-product","3":"status-publish","4":"has-post-thumbnail","6":"product_cat-sense-categoria","7":"entry","9":"first","10":"instock","11":"taxable","12":"shipping-taxable","13":"purchasable","14":"product-type-variable"},"_links":{"self":[{"href":"https:\/\/roominfinite.com\/ca\/wp-json\/wp\/v2\/product\/3339","targetHints":{"allow":["GET"]}}],"collection":[{"href":"https:\/\/roominfinite.com\/ca\/wp-json\/wp\/v2\/product"}],"about":[{"href":"https:\/\/roominfinite.com\/ca\/wp-json\/wp\/v2\/types\/product"}],"wp:featuredmedia":[{"embeddable":true,"href":"https:\/\/roominfinite.com\/ca\/wp-json\/wp\/v2\/media\/4981"}],"wp:attachment":[{"href":"https:\/\/roominfinite.com\/ca\/wp-json\/wp\/v2\/media?parent=3339"}],"wp:term":[{"taxonomy":"product_cat","embeddable":true,"href":"https:\/\/roominfinite.com\/ca\/wp-json\/wp\/v2\/product_cat?post=3339"},{"taxonomy":"product_tag","embeddable":true,"href":"https:\/\/roominfinite.com\/ca\/wp-json\/wp\/v2\/product_tag?post=3339"}],"curies":[{"name":"wp","href":"https:\/\/api.w.org\/{rel}","templated":true}]}}